{"id":7,"date":"2023-10-17T23:31:17","date_gmt":"2023-10-17T21:31:17","guid":{"rendered":"http:\/\/excepti.cluster028.hosting.ovh.net\/?page_id=7"},"modified":"2023-10-22T21:23:19","modified_gmt":"2023-10-22T19:23:19","slug":"presentation","status":"publish","type":"page","link":"https:\/\/exception-joaillerie.com\/","title":{"rendered":"Accueil"},"content":{"rendered":"\n<p class=\"has-medium-font-size\" style=\"letter-spacing:1px\"><span style=\"font-size: 14pt;\">Constitu\u00e9e d\u2019une \u00e9quipe regroupant les technicit\u00e9s n\u00e9cessaires \u00e0 la conception d\u2019un bijou dans son int\u00e9gralit\u00e9, la Maison EXCEPTION JOAILLERIE PARIS propose un large choix de comp\u00e9tences dans la tradition d\u2019un savoir-faire de Haute-Joaillerie.<\/span><\/p>\n\n\n\n<p class=\"has-medium-font-size\" style=\"letter-spacing:1px\"><span style=\"font-size: 14pt;\">Du design \u00e0 la r\u00e9alisation, en passant par la conception 3D, la jeune soci\u00e9t\u00e9 forte des 25 ans d\u2019exp\u00e9rience de ses fondateurs et des comp\u00e9tences de ses employ\u00e9s joailliers, maquettistes, et polisseurs, ne livre que des pi\u00e8ces r\u00e9pondant \u00e0 la Haute exigence du Luxe.<\/span><\/p>\n\n\n\n<p class=\"has-medium-font-size\" style=\"letter-spacing:1px\"><span style=\"font-size: 14pt;\">Bas\u00e9e en plein c\u0153ur du IX\u00e8me arrondissement, la soci\u00e9t\u00e9 et ses ateliers produisent des prestations et r\u00e9alisations en \u00e9troite collaboration avec les plus grandes Maisons de la Place Vend\u00f4me.<\/span><\/p>\n\n\n","protected":false},"excerpt":{"rendered":"<p>Constitu\u00e9e d\u2019une \u00e9quipe regroupant les technicit\u00e9s n\u00e9cessaires \u00e0 la conception d\u2019un bijou dans son int\u00e9gralit\u00e9, la Maison EXCEPTION JOAILLERIE PARIS propose un large choix de comp\u00e9tences dans la tradition d\u2019un savoir-faire de Haute-Joaillerie. Du design \u00e0 la r\u00e9alisation, en passant par la conception 3D, la jeune soci\u00e9t\u00e9 forte des 25 ans d\u2019exp\u00e9rience de ses fondateurs <a class=\"read-more\" href=\"https:\/\/exception-joaillerie.com\/\">Read More<\/a><\/p>\n","protected":false},"author":1,"featured_media":0,"parent":0,"menu_order":0,"comment_status":"closed","ping_status":"closed","template":"","meta":{"footnotes":""},"class_list":["post-7","page","type-page","status-publish","hentry"],"yoast_head":"<!-- This site is optimized with the Yoast SEO plugin v21.4 - https:\/\/yoast.com\/wordpress\/plugins\/seo\/ -->\n<title>Exception Joaillerie - Bienvenue<\/title>\n<meta name=\"description\" content=\"Exception Joaillerie - Bienvenue sur le site de l&#039;entreprise Exception Joaillerie. Constitu\u00e9e d\u2019une \u00e9quipe regroupant les technicit\u00e9s n\u00e9cessaires \u00e0 la conception d\u2019un bijou dans son int\u00e9gralit\u00e9.\" \/>\n<meta name=\"robots\" content=\"index, follow, max-snippet:-1, max-image-preview:large, max-video-preview:-1\" \/>\n<link rel=\"canonical\" href=\"https:\/\/exception-joaillerie.com\/\" \/>\n<meta property=\"og:locale\" content=\"fr_FR\" \/>\n<meta property=\"og:type\" content=\"article\" \/>\n<meta property=\"og:title\" content=\"Exception Joaillerie - Bienvenue\" \/>\n<meta property=\"og:description\" content=\"Exception Joaillerie - Bienvenue sur le site de l&#039;entreprise Exception Joaillerie. Constitu\u00e9e d\u2019une \u00e9quipe regroupant les technicit\u00e9s n\u00e9cessaires \u00e0 la conception d\u2019un bijou dans son int\u00e9gralit\u00e9.\" \/>\n<meta property=\"og:url\" content=\"https:\/\/exception-joaillerie.com\/\" \/>\n<meta property=\"article:modified_time\" content=\"2023-10-22T19:23:19+00:00\" \/>\n<meta property=\"og:image\" content=\"https:\/\/exception-joaillerie.com\/wp-content\/uploads\/2023\/10\/cropped-cropped-EXCEPTION-JPG-copie-2-3.jpg\" \/>\n\t<meta property=\"og:image:width\" content=\"1502\" \/>\n\t<meta property=\"og:image:height\" content=\"753\" \/>\n\t<meta property=\"og:image:type\" content=\"image\/jpeg\" \/>\n<meta name=\"twitter:card\" content=\"summary_large_image\" \/>\n<meta name=\"twitter:label1\" content=\"Dur\u00e9e de lecture estim\u00e9e\" \/>\n\t<meta name=\"twitter:data1\" content=\"1 minute\" \/>\n<script type=\"application\/ld+json\" class=\"yoast-schema-graph\">{\"@context\":\"https:\/\/schema.org\",\"@graph\":[{\"@type\":\"WebPage\",\"@id\":\"https:\/\/exception-joaillerie.com\/\",\"url\":\"https:\/\/exception-joaillerie.com\/\",\"name\":\"Exception Joaillerie - Bienvenue\",\"isPartOf\":{\"@id\":\"https:\/\/exception-joaillerie.com\/#website\"},\"datePublished\":\"2023-10-17T21:31:17+00:00\",\"dateModified\":\"2023-10-22T19:23:19+00:00\",\"description\":\"Exception Joaillerie - Bienvenue sur le site de l'entreprise Exception Joaillerie. Constitu\u00e9e d\u2019une \u00e9quipe regroupant les technicit\u00e9s n\u00e9cessaires \u00e0 la conception d\u2019un bijou dans son int\u00e9gralit\u00e9.\",\"breadcrumb\":{\"@id\":\"https:\/\/exception-joaillerie.com\/#breadcrumb\"},\"inLanguage\":\"fr-FR\",\"potentialAction\":[{\"@type\":\"ReadAction\",\"target\":[\"https:\/\/exception-joaillerie.com\/\"]}]},{\"@type\":\"BreadcrumbList\",\"@id\":\"https:\/\/exception-joaillerie.com\/#breadcrumb\",\"itemListElement\":[{\"@type\":\"ListItem\",\"position\":1,\"name\":\"Accueil\",\"item\":\"https:\/\/exception-joaillerie.com\/\"},{\"@type\":\"ListItem\",\"position\":2,\"name\":\"Accueil\"}]},{\"@type\":\"WebSite\",\"@id\":\"https:\/\/exception-joaillerie.com\/#website\",\"url\":\"https:\/\/exception-joaillerie.com\/\",\"name\":\"Exception Joaillerie\",\"description\":\"\",\"publisher\":{\"@id\":\"https:\/\/exception-joaillerie.com\/#organization\"},\"potentialAction\":[{\"@type\":\"SearchAction\",\"target\":{\"@type\":\"EntryPoint\",\"urlTemplate\":\"https:\/\/exception-joaillerie.com\/?s={search_term_string}\"},\"query-input\":\"required name=search_term_string\"}],\"inLanguage\":\"fr-FR\"},{\"@type\":\"Organization\",\"@id\":\"https:\/\/exception-joaillerie.com\/#organization\",\"name\":\"Exception Joaillerie\",\"url\":\"https:\/\/exception-joaillerie.com\/\",\"logo\":{\"@type\":\"ImageObject\",\"inLanguage\":\"fr-FR\",\"@id\":\"https:\/\/exception-joaillerie.com\/#\/schema\/logo\/image\/\",\"url\":\"https:\/\/exception-joaillerie.com\/wp-content\/uploads\/2023\/10\/cropped-cropped-EXCEPTION-JPG-copie-2-2.jpg\",\"contentUrl\":\"https:\/\/exception-joaillerie.com\/wp-content\/uploads\/2023\/10\/cropped-cropped-EXCEPTION-JPG-copie-2-2.jpg\",\"width\":709,\"height\":355,\"caption\":\"Exception Joaillerie\"},\"image\":{\"@id\":\"https:\/\/exception-joaillerie.com\/#\/schema\/logo\/image\/\"}}]}<\/script>\n<!-- \/ Yoast SEO plugin. -->","yoast_head_json":{"title":"Exception Joaillerie - Bienvenue","description":"Exception Joaillerie - Bienvenue sur le site de l'entreprise Exception Joaillerie. Constitu\u00e9e d\u2019une \u00e9quipe regroupant les technicit\u00e9s n\u00e9cessaires \u00e0 la conception d\u2019un bijou dans son int\u00e9gralit\u00e9.","robots":{"index":"index","follow":"follow","max-snippet":"max-snippet:-1","max-image-preview":"max-image-preview:large","max-video-preview":"max-video-preview:-1"},"canonical":"https:\/\/exception-joaillerie.com\/","og_locale":"fr_FR","og_type":"article","og_title":"Exception Joaillerie - Bienvenue","og_description":"Exception Joaillerie - Bienvenue sur le site de l'entreprise Exception Joaillerie. Constitu\u00e9e d\u2019une \u00e9quipe regroupant les technicit\u00e9s n\u00e9cessaires \u00e0 la conception d\u2019un bijou dans son int\u00e9gralit\u00e9.","og_url":"https:\/\/exception-joaillerie.com\/","article_modified_time":"2023-10-22T19:23:19+00:00","og_image":[{"width":1502,"height":753,"url":"https:\/\/exception-joaillerie.com\/wp-content\/uploads\/2023\/10\/cropped-cropped-EXCEPTION-JPG-copie-2-3.jpg","type":"image\/jpeg"}],"twitter_card":"summary_large_image","twitter_misc":{"Dur\u00e9e de lecture estim\u00e9e":"1 minute"},"schema":{"@context":"https:\/\/schema.org","@graph":[{"@type":"WebPage","@id":"https:\/\/exception-joaillerie.com\/","url":"https:\/\/exception-joaillerie.com\/","name":"Exception Joaillerie - Bienvenue","isPartOf":{"@id":"https:\/\/exception-joaillerie.com\/#website"},"datePublished":"2023-10-17T21:31:17+00:00","dateModified":"2023-10-22T19:23:19+00:00","description":"Exception Joaillerie - Bienvenue sur le site de l'entreprise Exception Joaillerie. Constitu\u00e9e d\u2019une \u00e9quipe regroupant les technicit\u00e9s n\u00e9cessaires \u00e0 la conception d\u2019un bijou dans son int\u00e9gralit\u00e9.","breadcrumb":{"@id":"https:\/\/exception-joaillerie.com\/#breadcrumb"},"inLanguage":"fr-FR","potentialAction":[{"@type":"ReadAction","target":["https:\/\/exception-joaillerie.com\/"]}]},{"@type":"BreadcrumbList","@id":"https:\/\/exception-joaillerie.com\/#breadcrumb","itemListElement":[{"@type":"ListItem","position":1,"name":"Accueil","item":"https:\/\/exception-joaillerie.com\/"},{"@type":"ListItem","position":2,"name":"Accueil"}]},{"@type":"WebSite","@id":"https:\/\/exception-joaillerie.com\/#website","url":"https:\/\/exception-joaillerie.com\/","name":"Exception Joaillerie","description":"","publisher":{"@id":"https:\/\/exception-joaillerie.com\/#organization"},"potentialAction":[{"@type":"SearchAction","target":{"@type":"EntryPoint","urlTemplate":"https:\/\/exception-joaillerie.com\/?s={search_term_string}"},"query-input":"required name=search_term_string"}],"inLanguage":"fr-FR"},{"@type":"Organization","@id":"https:\/\/exception-joaillerie.com\/#organization","name":"Exception Joaillerie","url":"https:\/\/exception-joaillerie.com\/","logo":{"@type":"ImageObject","inLanguage":"fr-FR","@id":"https:\/\/exception-joaillerie.com\/#\/schema\/logo\/image\/","url":"https:\/\/exception-joaillerie.com\/wp-content\/uploads\/2023\/10\/cropped-cropped-EXCEPTION-JPG-copie-2-2.jpg","contentUrl":"https:\/\/exception-joaillerie.com\/wp-content\/uploads\/2023\/10\/cropped-cropped-EXCEPTION-JPG-copie-2-2.jpg","width":709,"height":355,"caption":"Exception Joaillerie"},"image":{"@id":"https:\/\/exception-joaillerie.com\/#\/schema\/logo\/image\/"}}]}},"_links":{"self":[{"href":"https:\/\/exception-joaillerie.com\/index.php?rest_route=\/wp\/v2\/pages\/7","targetHints":{"allow":["GET"]}}],"collection":[{"href":"https:\/\/exception-joaillerie.com\/index.php?rest_route=\/wp\/v2\/pages"}],"about":[{"href":"https:\/\/exception-joaillerie.com\/index.php?rest_route=\/wp\/v2\/types\/page"}],"author":[{"embeddable":true,"href":"https:\/\/exception-joaillerie.com\/index.php?rest_route=\/wp\/v2\/users\/1"}],"replies":[{"embeddable":true,"href":"https:\/\/exception-joaillerie.com\/index.php?rest_route=%2Fwp%2Fv2%2Fcomments&post=7"}],"version-history":[{"count":6,"href":"https:\/\/exception-joaillerie.com\/index.php?rest_route=\/wp\/v2\/pages\/7\/revisions"}],"predecessor-version":[{"id":208,"href":"https:\/\/exception-joaillerie.com\/index.php?rest_route=\/wp\/v2\/pages\/7\/revisions\/208"}],"wp:attachment":[{"href":"https:\/\/exception-joaillerie.com\/index.php?rest_route=%2Fwp%2Fv2%2Fmedia&parent=7"}],"curies":[{"name":"wp","href":"https:\/\/api.w.org\/{rel}","templated":true}]}}