{"id":38,"date":"2023-10-18T00:22:48","date_gmt":"2023-10-17T22:22:48","guid":{"rendered":"http:\/\/excepti.cluster028.hosting.ovh.net\/?page_id=38"},"modified":"2023-10-22T23:29:02","modified_gmt":"2023-10-22T21:29:02","slug":"ateliers-de-fabrication-et-polissage","status":"publish","type":"page","link":"https:\/\/exception-joaillerie.com\/?page_id=38","title":{"rendered":"ATELIERS DE FABRICATION ET POLISSAGE"},"content":{"rendered":"\n<p>Les ateliers, sp\u00e9cialement \u00e9quip\u00e9s pour la production de pi\u00e8ces de haute-joaillerie, sont dirig\u00e9s par Cl\u00e9ment FERRY, OJ4 sp\u00e9cialis\u00e9 dans la r\u00e9alisation de pi\u00e8ces exceptionnelles parfois enti\u00e8rement r\u00e9alis\u00e9es \u00e0 la main, lui-m\u00eame \u00e9paul\u00e9 par l&rsquo;\u00e9quipe de polissage de Melissa CHEHAIBAR, polisseuse de haute-joaillerie.<\/p>\n\n\n\n<div class=\"wp-block-columns is-layout-flex wp-container-core-columns-is-layout-9d6595d7 wp-block-columns-is-layout-flex\">\n<div class=\"wp-block-column is-layout-flow wp-block-column-is-layout-flow\">\n<figure class=\"wp-block-image size-full\"><img loading=\"lazy\" decoding=\"async\" width=\"945\" height=\"631\" src=\"https:\/\/exception-joaillerie.com\/wp-content\/uploads\/2023\/10\/prout-2.png\" alt=\"\" class=\"wp-image-210\" srcset=\"https:\/\/exception-joaillerie.com\/wp-content\/uploads\/2023\/10\/prout-2.png 945w, https:\/\/exception-joaillerie.com\/wp-content\/uploads\/2023\/10\/prout-2-300x200.png 300w, https:\/\/exception-joaillerie.com\/wp-content\/uploads\/2023\/10\/prout-2-768x513.png 768w\" sizes=\"auto, (max-width: 945px) 100vw, 945px\" \/><\/figure>\n\n\n\n<p class=\"has-text-align-left\">L&rsquo;atelier r\u00e9alise les pi\u00e8ces suivant les plans d\u00e9taill\u00e9s et valid\u00e9s en amont par le <a href=\"https:\/\/exception-joaillerie.com\/index.php\/service-de-creation\/\">studio de cr\u00e9ation<\/a> et <a href=\"https:\/\/exception-joaillerie.com\/index.php\/studio-de-conception-numerique\/\">la CAO<\/a>.<\/p>\n\n\n\n<p class=\"has-text-align-left\">C&rsquo;est dans un esprit de collaboration modulable avec le style de chaque Maison, que la soci\u00e9t\u00e9 assure le suivi de production &#8211; de la cr\u00e9ation \u00e0 la fabrication &#8211; pour tout type de projets avec la m\u00eame exigence, que ce soit pour de la pi\u00e8ce unique ou de la fabrication en s\u00e9rie. <\/p>\n\n\n\n<p class=\"has-text-align-left\">Sculpt\u00e9s en cire, produits en 3D ou travaill\u00e9s directement sur or et platine, les \u00e9l\u00e9ments et m\u00e9canismes sont tous contr\u00f4l\u00e9s avec minutie avant d&rsquo;\u00eatre assembl\u00e9s. <\/p>\n\n\n\n<p class=\"has-text-align-left\">Prototypes, petites s\u00e9ries, commandes sp\u00e9ciales : les Maisons les plus r\u00e9put\u00e9es font confiance \u00e0 l&rsquo;atelier pour la qualit\u00e9 produite. <\/p>\n<\/div>\n\n\n\n<div class=\"wp-block-column is-layout-flow wp-block-column-is-layout-flow\">\n<figure class=\"wp-block-image size-full\"><img loading=\"lazy\" decoding=\"async\" width=\"945\" height=\"631\" src=\"https:\/\/exception-joaillerie.com\/wp-content\/uploads\/2023\/10\/prout-3.png\" alt=\"\" class=\"wp-image-219\" srcset=\"https:\/\/exception-joaillerie.com\/wp-content\/uploads\/2023\/10\/prout-3.png 945w, https:\/\/exception-joaillerie.com\/wp-content\/uploads\/2023\/10\/prout-3-300x200.png 300w, https:\/\/exception-joaillerie.com\/wp-content\/uploads\/2023\/10\/prout-3-768x513.png 768w\" sizes=\"auto, (max-width: 945px) 100vw, 945px\" \/><\/figure>\n\n\n\n<p>A toute \u00e9tape de montage ou finalisation, nos joailliers transmettent les pi\u00e8ces \u00e0 l&rsquo;atelier de polissage. <\/p>\n\n\n\n<p>Nos services, regroup\u00e9s au sein des m\u00eames locaux, permettent de garder un lien permanent entre les diff\u00e9rents acteurs de production. <\/p>\n\n\n\n<p>Nous pouvons \u00e9galement faire le choix des pierres afin de vous assurer un r\u00e9el gain de temps. <\/p>\n\n\n\n<p>Toutes les pierres utilis\u00e9es pas nos ateliers suivent le Processus de Kimberley. <\/p>\n<\/div>\n<\/div>\n","protected":false},"excerpt":{"rendered":"<p>Les ateliers, sp\u00e9cialement \u00e9quip\u00e9s pour la production de pi\u00e8ces de haute-joaillerie, sont dirig\u00e9s par Cl\u00e9ment FERRY, OJ4 sp\u00e9cialis\u00e9 dans la r\u00e9alisation de pi\u00e8ces exceptionnelles parfois enti\u00e8rement r\u00e9alis\u00e9es \u00e0 la main, lui-m\u00eame \u00e9paul\u00e9 par l&rsquo;\u00e9quipe de polissage de Melissa CHEHAIBAR, polisseuse de haute-joaillerie. L&rsquo;atelier r\u00e9alise les pi\u00e8ces suivant les plans d\u00e9taill\u00e9s et valid\u00e9s en amont par <a class=\"read-more\" href=\"https:\/\/exception-joaillerie.com\/?page_id=38\">Read More<\/a><\/p>\n","protected":false},"author":1,"featured_media":0,"parent":0,"menu_order":0,"comment_status":"closed","ping_status":"closed","template":"","meta":{"footnotes":""},"class_list":["post-38","page","type-page","status-publish","hentry"],"yoast_head":"<!-- This site is optimized with the Yoast SEO plugin v21.4 - https:\/\/yoast.com\/wordpress\/plugins\/seo\/ -->\n<title>Exception Joaillerie - Atelier de Fabrication et Polissage<\/title>\n<meta name=\"description\" content=\"D\u00e9couvrez l&#039;atelier de fabrication et de polissage de notre entreprise Exception Joaillerie.\" \/>\n<meta name=\"robots\" content=\"index, follow, max-snippet:-1, max-image-preview:large, max-video-preview:-1\" \/>\n<link rel=\"canonical\" href=\"https:\/\/exception-joaillerie.com\/?page_id=38\" \/>\n<meta property=\"og:locale\" content=\"fr_FR\" \/>\n<meta property=\"og:type\" content=\"article\" \/>\n<meta property=\"og:title\" content=\"Exception Joaillerie - Atelier de Fabrication et Polissage\" \/>\n<meta property=\"og:description\" content=\"D\u00e9couvrez l&#039;atelier de fabrication et de polissage de notre entreprise Exception Joaillerie.\" \/>\n<meta property=\"og:url\" content=\"https:\/\/exception-joaillerie.com\/?page_id=38\" \/>\n<meta property=\"article:modified_time\" content=\"2023-10-22T21:29:02+00:00\" \/>\n<meta property=\"og:image\" content=\"https:\/\/exception-joaillerie.com\/wp-content\/uploads\/2023\/10\/prout-2.png\" \/>\n<meta name=\"twitter:card\" content=\"summary_large_image\" \/>\n<meta name=\"twitter:label1\" content=\"Dur\u00e9e de lecture estim\u00e9e\" \/>\n\t<meta name=\"twitter:data1\" content=\"2 minutes\" \/>\n<script type=\"application\/ld+json\" class=\"yoast-schema-graph\">{\"@context\":\"https:\/\/schema.org\",\"@graph\":[{\"@type\":\"WebPage\",\"@id\":\"https:\/\/exception-joaillerie.com\/?page_id=38\",\"url\":\"https:\/\/exception-joaillerie.com\/?page_id=38\",\"name\":\"Exception Joaillerie - Atelier de Fabrication et Polissage\",\"isPartOf\":{\"@id\":\"https:\/\/exception-joaillerie.com\/#website\"},\"datePublished\":\"2023-10-17T22:22:48+00:00\",\"dateModified\":\"2023-10-22T21:29:02+00:00\",\"description\":\"D\u00e9couvrez l'atelier de fabrication et de polissage de notre entreprise Exception Joaillerie.\",\"breadcrumb\":{\"@id\":\"https:\/\/exception-joaillerie.com\/?page_id=38#breadcrumb\"},\"inLanguage\":\"fr-FR\",\"potentialAction\":[{\"@type\":\"ReadAction\",\"target\":[\"https:\/\/exception-joaillerie.com\/?page_id=38\"]}]},{\"@type\":\"BreadcrumbList\",\"@id\":\"https:\/\/exception-joaillerie.com\/?page_id=38#breadcrumb\",\"itemListElement\":[{\"@type\":\"ListItem\",\"position\":1,\"name\":\"Accueil\",\"item\":\"https:\/\/exception-joaillerie.com\/\"},{\"@type\":\"ListItem\",\"position\":2,\"name\":\"ATELIERS DE FABRICATION ET POLISSAGE\"}]},{\"@type\":\"WebSite\",\"@id\":\"https:\/\/exception-joaillerie.com\/#website\",\"url\":\"https:\/\/exception-joaillerie.com\/\",\"name\":\"Exception Joaillerie\",\"description\":\"\",\"publisher\":{\"@id\":\"https:\/\/exception-joaillerie.com\/#organization\"},\"potentialAction\":[{\"@type\":\"SearchAction\",\"target\":{\"@type\":\"EntryPoint\",\"urlTemplate\":\"https:\/\/exception-joaillerie.com\/?s={search_term_string}\"},\"query-input\":\"required name=search_term_string\"}],\"inLanguage\":\"fr-FR\"},{\"@type\":\"Organization\",\"@id\":\"https:\/\/exception-joaillerie.com\/#organization\",\"name\":\"Exception Joaillerie\",\"url\":\"https:\/\/exception-joaillerie.com\/\",\"logo\":{\"@type\":\"ImageObject\",\"inLanguage\":\"fr-FR\",\"@id\":\"https:\/\/exception-joaillerie.com\/#\/schema\/logo\/image\/\",\"url\":\"https:\/\/exception-joaillerie.com\/wp-content\/uploads\/2023\/10\/cropped-cropped-EXCEPTION-JPG-copie-2-2.jpg\",\"contentUrl\":\"https:\/\/exception-joaillerie.com\/wp-content\/uploads\/2023\/10\/cropped-cropped-EXCEPTION-JPG-copie-2-2.jpg\",\"width\":709,\"height\":355,\"caption\":\"Exception Joaillerie\"},\"image\":{\"@id\":\"https:\/\/exception-joaillerie.com\/#\/schema\/logo\/image\/\"}}]}<\/script>\n<!-- \/ Yoast SEO plugin. -->","yoast_head_json":{"title":"Exception Joaillerie - Atelier de Fabrication et Polissage","description":"D\u00e9couvrez l'atelier de fabrication et de polissage de notre entreprise Exception Joaillerie.","robots":{"index":"index","follow":"follow","max-snippet":"max-snippet:-1","max-image-preview":"max-image-preview:large","max-video-preview":"max-video-preview:-1"},"canonical":"https:\/\/exception-joaillerie.com\/?page_id=38","og_locale":"fr_FR","og_type":"article","og_title":"Exception Joaillerie - Atelier de Fabrication et Polissage","og_description":"D\u00e9couvrez l'atelier de fabrication et de polissage de notre entreprise Exception Joaillerie.","og_url":"https:\/\/exception-joaillerie.com\/?page_id=38","article_modified_time":"2023-10-22T21:29:02+00:00","og_image":[{"url":"https:\/\/exception-joaillerie.com\/wp-content\/uploads\/2023\/10\/prout-2.png"}],"twitter_card":"summary_large_image","twitter_misc":{"Dur\u00e9e de lecture estim\u00e9e":"2 minutes"},"schema":{"@context":"https:\/\/schema.org","@graph":[{"@type":"WebPage","@id":"https:\/\/exception-joaillerie.com\/?page_id=38","url":"https:\/\/exception-joaillerie.com\/?page_id=38","name":"Exception Joaillerie - Atelier de Fabrication et Polissage","isPartOf":{"@id":"https:\/\/exception-joaillerie.com\/#website"},"datePublished":"2023-10-17T22:22:48+00:00","dateModified":"2023-10-22T21:29:02+00:00","description":"D\u00e9couvrez l'atelier de fabrication et de polissage de notre entreprise Exception Joaillerie.","breadcrumb":{"@id":"https:\/\/exception-joaillerie.com\/?page_id=38#breadcrumb"},"inLanguage":"fr-FR","potentialAction":[{"@type":"ReadAction","target":["https:\/\/exception-joaillerie.com\/?page_id=38"]}]},{"@type":"BreadcrumbList","@id":"https:\/\/exception-joaillerie.com\/?page_id=38#breadcrumb","itemListElement":[{"@type":"ListItem","position":1,"name":"Accueil","item":"https:\/\/exception-joaillerie.com\/"},{"@type":"ListItem","position":2,"name":"ATELIERS DE FABRICATION ET POLISSAGE"}]},{"@type":"WebSite","@id":"https:\/\/exception-joaillerie.com\/#website","url":"https:\/\/exception-joaillerie.com\/","name":"Exception Joaillerie","description":"","publisher":{"@id":"https:\/\/exception-joaillerie.com\/#organization"},"potentialAction":[{"@type":"SearchAction","target":{"@type":"EntryPoint","urlTemplate":"https:\/\/exception-joaillerie.com\/?s={search_term_string}"},"query-input":"required name=search_term_string"}],"inLanguage":"fr-FR"},{"@type":"Organization","@id":"https:\/\/exception-joaillerie.com\/#organization","name":"Exception Joaillerie","url":"https:\/\/exception-joaillerie.com\/","logo":{"@type":"ImageObject","inLanguage":"fr-FR","@id":"https:\/\/exception-joaillerie.com\/#\/schema\/logo\/image\/","url":"https:\/\/exception-joaillerie.com\/wp-content\/uploads\/2023\/10\/cropped-cropped-EXCEPTION-JPG-copie-2-2.jpg","contentUrl":"https:\/\/exception-joaillerie.com\/wp-content\/uploads\/2023\/10\/cropped-cropped-EXCEPTION-JPG-copie-2-2.jpg","width":709,"height":355,"caption":"Exception Joaillerie"},"image":{"@id":"https:\/\/exception-joaillerie.com\/#\/schema\/logo\/image\/"}}]}},"_links":{"self":[{"href":"https:\/\/exception-joaillerie.com\/index.php?rest_route=\/wp\/v2\/pages\/38","targetHints":{"allow":["GET"]}}],"collection":[{"href":"https:\/\/exception-joaillerie.com\/index.php?rest_route=\/wp\/v2\/pages"}],"about":[{"href":"https:\/\/exception-joaillerie.com\/index.php?rest_route=\/wp\/v2\/types\/page"}],"author":[{"embeddable":true,"href":"https:\/\/exception-joaillerie.com\/index.php?rest_route=\/wp\/v2\/users\/1"}],"replies":[{"embeddable":true,"href":"https:\/\/exception-joaillerie.com\/index.php?rest_route=%2Fwp%2Fv2%2Fcomments&post=38"}],"version-history":[{"count":17,"href":"https:\/\/exception-joaillerie.com\/index.php?rest_route=\/wp\/v2\/pages\/38\/revisions"}],"predecessor-version":[{"id":245,"href":"https:\/\/exception-joaillerie.com\/index.php?rest_route=\/wp\/v2\/pages\/38\/revisions\/245"}],"wp:attachment":[{"href":"https:\/\/exception-joaillerie.com\/index.php?rest_route=%2Fwp%2Fv2%2Fmedia&parent=38"}],"curies":[{"name":"wp","href":"https:\/\/api.w.org\/{rel}","templated":true}]}}