{"id":12,"date":"2023-10-17T23:39:07","date_gmt":"2023-10-17T21:39:07","guid":{"rendered":"http:\/\/excepti.cluster028.hosting.ovh.net\/?page_id=12"},"modified":"2023-10-22T22:46:08","modified_gmt":"2023-10-22T20:46:08","slug":"contact","status":"publish","type":"page","link":"https:\/\/exception-joaillerie.com\/?page_id=12","title":{"rendered":"CONTACT"},"content":{"rendered":"\n<p class=\"has-text-align-center has-medium-font-size\" style=\"letter-spacing:5px\"><strong>Exclusivement sur rendez-vous<\/strong><\/p>\n\n\n\n<p class=\"has-text-align-left\"><strong>Les rendez-vous s&rsquo;effectuent dans nos bureaux ou les v\u00f4tres. <\/strong><\/p>\n\n\n\n<p class=\"has-text-align-left\"><strong>Pour toute demande concernant la fabrication de vos pi\u00e8ces, n&rsquo;h\u00e9sitez pas \u00e0 nous \u00e9crire afin qui nous puissions \u00e9tudier votre projet ensemble.<\/strong><\/p>\n\n\n\n<div class=\"wpcf7 no-js\" id=\"wpcf7-f58-o1\" lang=\"fr-FR\" dir=\"ltr\">\n<div class=\"screen-reader-response\"><p role=\"status\" aria-live=\"polite\" aria-atomic=\"true\"><\/p> <ul><\/ul><\/div>\n<form action=\"\/index.php?rest_route=%2Fwp%2Fv2%2Fpages%2F12#wpcf7-f58-o1\" method=\"post\" class=\"wpcf7-form init\" aria-label=\"Formulaire de contact\" novalidate=\"novalidate\" data-status=\"init\">\n<div style=\"display: none;\">\n<input type=\"hidden\" name=\"_wpcf7\" value=\"58\" \/>\n<input type=\"hidden\" name=\"_wpcf7_version\" value=\"5.8.2\" \/>\n<input type=\"hidden\" name=\"_wpcf7_locale\" value=\"fr_FR\" \/>\n<input type=\"hidden\" name=\"_wpcf7_unit_tag\" value=\"wpcf7-f58-o1\" \/>\n<input type=\"hidden\" name=\"_wpcf7_container_post\" value=\"0\" \/>\n<input type=\"hidden\" name=\"_wpcf7_posted_data_hash\" value=\"\" \/>\n<\/div>\n<p><label> Votre nom<br \/>\n<span class=\"wpcf7-form-control-wrap\" data-name=\"your-name\"><input size=\"40\" class=\"wpcf7-form-control wpcf7-text wpcf7-validates-as-required\" autocomplete=\"name\" aria-required=\"true\" aria-invalid=\"false\" value=\"\" type=\"text\" name=\"your-name\" \/><\/span> <\/label>\n<\/p>\n<p><label> Votre e-mail<br \/>\n<span class=\"wpcf7-form-control-wrap\" data-name=\"your-email\"><input size=\"40\" class=\"wpcf7-form-control wpcf7-email wpcf7-validates-as-required wpcf7-text wpcf7-validates-as-email\" autocomplete=\"email\" aria-required=\"true\" aria-invalid=\"false\" value=\"\" type=\"email\" name=\"your-email\" \/><\/span> <\/label>\n<\/p>\n<p><label> Objet<br \/>\n<span class=\"wpcf7-form-control-wrap\" data-name=\"your-subject\"><input size=\"40\" class=\"wpcf7-form-control wpcf7-text wpcf7-validates-as-required\" aria-required=\"true\" aria-invalid=\"false\" value=\"\" type=\"text\" name=\"your-subject\" \/><\/span> <\/label>\n<\/p>\n<p><label> Votre message (facultatif)<br \/>\n<span class=\"wpcf7-form-control-wrap\" data-name=\"your-message\"><textarea cols=\"40\" rows=\"10\" class=\"wpcf7-form-control wpcf7-textarea\" aria-invalid=\"false\" name=\"your-message\"><\/textarea><\/span> <\/label>\n<\/p>\n<p><input class=\"wpcf7-form-control wpcf7-submit has-spinner\" type=\"submit\" value=\"Envoyer\" \/>\n<\/p><div class=\"wpcf7-response-output\" aria-hidden=\"true\"><\/div>\n<\/form>\n<\/div>\n\n","protected":false},"excerpt":{"rendered":"<p>Exclusivement sur rendez-vous Les rendez-vous s&rsquo;effectuent dans nos bureaux ou les v\u00f4tres. Pour toute demande concernant la fabrication de vos pi\u00e8ces, n&rsquo;h\u00e9sitez pas \u00e0 nous \u00e9crire afin qui nous puissions \u00e9tudier votre projet ensemble.<\/p>\n","protected":false},"author":1,"featured_media":0,"parent":0,"menu_order":0,"comment_status":"closed","ping_status":"closed","template":"","meta":{"footnotes":""},"class_list":["post-12","page","type-page","status-publish","hentry"],"yoast_head":"<!-- This site is optimized with the Yoast SEO plugin v21.4 - https:\/\/yoast.com\/wordpress\/plugins\/seo\/ -->\n<title>Exception Joaillerie - Formulaire de Contact<\/title>\n<meta name=\"description\" content=\"Exception Joaillerie - Formulaire de contact de l&#039;entreprise parisienne Exception Joaillerie .\" \/>\n<meta name=\"robots\" content=\"index, follow, max-snippet:-1, max-image-preview:large, max-video-preview:-1\" \/>\n<link rel=\"canonical\" href=\"https:\/\/exception-joaillerie.com\/?page_id=12\" \/>\n<meta property=\"og:locale\" content=\"fr_FR\" \/>\n<meta property=\"og:type\" content=\"article\" \/>\n<meta property=\"og:title\" content=\"Exception Joaillerie - Formulaire de Contact\" \/>\n<meta property=\"og:description\" content=\"Exception Joaillerie - Formulaire de contact de l&#039;entreprise parisienne Exception Joaillerie .\" \/>\n<meta property=\"og:url\" content=\"https:\/\/exception-joaillerie.com\/?page_id=12\" \/>\n<meta property=\"article:modified_time\" content=\"2023-10-22T20:46:08+00:00\" \/>\n<meta property=\"og:image\" content=\"https:\/\/exception-joaillerie.com\/wp-content\/uploads\/2023\/10\/cropped-cropped-EXCEPTION-JPG-copie-2-3.jpg\" \/>\n\t<meta property=\"og:image:width\" content=\"1502\" \/>\n\t<meta property=\"og:image:height\" content=\"753\" \/>\n\t<meta property=\"og:image:type\" content=\"image\/jpeg\" \/>\n<meta name=\"twitter:card\" content=\"summary_large_image\" \/>\n<meta name=\"twitter:label1\" content=\"Dur\u00e9e de lecture estim\u00e9e\" \/>\n\t<meta name=\"twitter:data1\" content=\"1 minute\" \/>\n<script type=\"application\/ld+json\" class=\"yoast-schema-graph\">{\"@context\":\"https:\/\/schema.org\",\"@graph\":[{\"@type\":\"WebPage\",\"@id\":\"https:\/\/exception-joaillerie.com\/?page_id=12\",\"url\":\"https:\/\/exception-joaillerie.com\/?page_id=12\",\"name\":\"Exception Joaillerie - Formulaire de Contact\",\"isPartOf\":{\"@id\":\"https:\/\/exception-joaillerie.com\/#website\"},\"datePublished\":\"2023-10-17T21:39:07+00:00\",\"dateModified\":\"2023-10-22T20:46:08+00:00\",\"description\":\"Exception Joaillerie - Formulaire de contact de l'entreprise parisienne Exception Joaillerie .\",\"breadcrumb\":{\"@id\":\"https:\/\/exception-joaillerie.com\/?page_id=12#breadcrumb\"},\"inLanguage\":\"fr-FR\",\"potentialAction\":[{\"@type\":\"ReadAction\",\"target\":[\"https:\/\/exception-joaillerie.com\/?page_id=12\"]}]},{\"@type\":\"BreadcrumbList\",\"@id\":\"https:\/\/exception-joaillerie.com\/?page_id=12#breadcrumb\",\"itemListElement\":[{\"@type\":\"ListItem\",\"position\":1,\"name\":\"Accueil\",\"item\":\"https:\/\/exception-joaillerie.com\/\"},{\"@type\":\"ListItem\",\"position\":2,\"name\":\"CONTACT\"}]},{\"@type\":\"WebSite\",\"@id\":\"https:\/\/exception-joaillerie.com\/#website\",\"url\":\"https:\/\/exception-joaillerie.com\/\",\"name\":\"Exception Joaillerie\",\"description\":\"\",\"publisher\":{\"@id\":\"https:\/\/exception-joaillerie.com\/#organization\"},\"potentialAction\":[{\"@type\":\"SearchAction\",\"target\":{\"@type\":\"EntryPoint\",\"urlTemplate\":\"https:\/\/exception-joaillerie.com\/?s={search_term_string}\"},\"query-input\":\"required name=search_term_string\"}],\"inLanguage\":\"fr-FR\"},{\"@type\":\"Organization\",\"@id\":\"https:\/\/exception-joaillerie.com\/#organization\",\"name\":\"Exception Joaillerie\",\"url\":\"https:\/\/exception-joaillerie.com\/\",\"logo\":{\"@type\":\"ImageObject\",\"inLanguage\":\"fr-FR\",\"@id\":\"https:\/\/exception-joaillerie.com\/#\/schema\/logo\/image\/\",\"url\":\"https:\/\/exception-joaillerie.com\/wp-content\/uploads\/2023\/10\/cropped-cropped-EXCEPTION-JPG-copie-2-2.jpg\",\"contentUrl\":\"https:\/\/exception-joaillerie.com\/wp-content\/uploads\/2023\/10\/cropped-cropped-EXCEPTION-JPG-copie-2-2.jpg\",\"width\":709,\"height\":355,\"caption\":\"Exception Joaillerie\"},\"image\":{\"@id\":\"https:\/\/exception-joaillerie.com\/#\/schema\/logo\/image\/\"}}]}<\/script>\n<!-- \/ Yoast SEO plugin. -->","yoast_head_json":{"title":"Exception Joaillerie - Formulaire de Contact","description":"Exception Joaillerie - Formulaire de contact de l'entreprise parisienne Exception Joaillerie .","robots":{"index":"index","follow":"follow","max-snippet":"max-snippet:-1","max-image-preview":"max-image-preview:large","max-video-preview":"max-video-preview:-1"},"canonical":"https:\/\/exception-joaillerie.com\/?page_id=12","og_locale":"fr_FR","og_type":"article","og_title":"Exception Joaillerie - Formulaire de Contact","og_description":"Exception Joaillerie - Formulaire de contact de l'entreprise parisienne Exception Joaillerie .","og_url":"https:\/\/exception-joaillerie.com\/?page_id=12","article_modified_time":"2023-10-22T20:46:08+00:00","og_image":[{"width":1502,"height":753,"url":"https:\/\/exception-joaillerie.com\/wp-content\/uploads\/2023\/10\/cropped-cropped-EXCEPTION-JPG-copie-2-3.jpg","type":"image\/jpeg"}],"twitter_card":"summary_large_image","twitter_misc":{"Dur\u00e9e de lecture estim\u00e9e":"1 minute"},"schema":{"@context":"https:\/\/schema.org","@graph":[{"@type":"WebPage","@id":"https:\/\/exception-joaillerie.com\/?page_id=12","url":"https:\/\/exception-joaillerie.com\/?page_id=12","name":"Exception Joaillerie - Formulaire de Contact","isPartOf":{"@id":"https:\/\/exception-joaillerie.com\/#website"},"datePublished":"2023-10-17T21:39:07+00:00","dateModified":"2023-10-22T20:46:08+00:00","description":"Exception Joaillerie - Formulaire de contact de l'entreprise parisienne Exception Joaillerie .","breadcrumb":{"@id":"https:\/\/exception-joaillerie.com\/?page_id=12#breadcrumb"},"inLanguage":"fr-FR","potentialAction":[{"@type":"ReadAction","target":["https:\/\/exception-joaillerie.com\/?page_id=12"]}]},{"@type":"BreadcrumbList","@id":"https:\/\/exception-joaillerie.com\/?page_id=12#breadcrumb","itemListElement":[{"@type":"ListItem","position":1,"name":"Accueil","item":"https:\/\/exception-joaillerie.com\/"},{"@type":"ListItem","position":2,"name":"CONTACT"}]},{"@type":"WebSite","@id":"https:\/\/exception-joaillerie.com\/#website","url":"https:\/\/exception-joaillerie.com\/","name":"Exception Joaillerie","description":"","publisher":{"@id":"https:\/\/exception-joaillerie.com\/#organization"},"potentialAction":[{"@type":"SearchAction","target":{"@type":"EntryPoint","urlTemplate":"https:\/\/exception-joaillerie.com\/?s={search_term_string}"},"query-input":"required name=search_term_string"}],"inLanguage":"fr-FR"},{"@type":"Organization","@id":"https:\/\/exception-joaillerie.com\/#organization","name":"Exception Joaillerie","url":"https:\/\/exception-joaillerie.com\/","logo":{"@type":"ImageObject","inLanguage":"fr-FR","@id":"https:\/\/exception-joaillerie.com\/#\/schema\/logo\/image\/","url":"https:\/\/exception-joaillerie.com\/wp-content\/uploads\/2023\/10\/cropped-cropped-EXCEPTION-JPG-copie-2-2.jpg","contentUrl":"https:\/\/exception-joaillerie.com\/wp-content\/uploads\/2023\/10\/cropped-cropped-EXCEPTION-JPG-copie-2-2.jpg","width":709,"height":355,"caption":"Exception Joaillerie"},"image":{"@id":"https:\/\/exception-joaillerie.com\/#\/schema\/logo\/image\/"}}]}},"_links":{"self":[{"href":"https:\/\/exception-joaillerie.com\/index.php?rest_route=\/wp\/v2\/pages\/12","targetHints":{"allow":["GET"]}}],"collection":[{"href":"https:\/\/exception-joaillerie.com\/index.php?rest_route=\/wp\/v2\/pages"}],"about":[{"href":"https:\/\/exception-joaillerie.com\/index.php?rest_route=\/wp\/v2\/types\/page"}],"author":[{"embeddable":true,"href":"https:\/\/exception-joaillerie.com\/index.php?rest_route=\/wp\/v2\/users\/1"}],"replies":[{"embeddable":true,"href":"https:\/\/exception-joaillerie.com\/index.php?rest_route=%2Fwp%2Fv2%2Fcomments&post=12"}],"version-history":[{"count":7,"href":"https:\/\/exception-joaillerie.com\/index.php?rest_route=\/wp\/v2\/pages\/12\/revisions"}],"predecessor-version":[{"id":232,"href":"https:\/\/exception-joaillerie.com\/index.php?rest_route=\/wp\/v2\/pages\/12\/revisions\/232"}],"wp:attachment":[{"href":"https:\/\/exception-joaillerie.com\/index.php?rest_route=%2Fwp%2Fv2%2Fmedia&parent=12"}],"curies":[{"name":"wp","href":"https:\/\/api.w.org\/{rel}","templated":true}]}}